{"id":4648,"date":"2020-05-08T11:39:54","date_gmt":"2020-05-08T11:39:54","guid":{"rendered":"http:\/\/www.minsk.barcelona\/minsk-barcelona-disseny-grafic-disseny-web-i-motion-graphics\/"},"modified":"2026-03-25T14:33:41","modified_gmt":"2026-03-25T14:33:41","slug":"minsk-barcelona-disseny-grafic-disseny-web-i-motion-graphics","status":"publish","type":"page","link":"https:\/\/www.minsk.barcelona\/ca\/","title":{"rendered":"Minsk.Barcelona. Disseny gr\u00e0fic, disseny web i motion graphics"},"content":{"rendered":"<div class=\"wpb-content-wrapper\"><p>[vc_row][vc_column width=&#8221;1\/1&#8243;][uncode_block id=&#8221;6954&#8243;][\/vc_column][\/vc_row][vc_row row_height_percent=&#8221;0&#8243; override_padding=&#8221;yes&#8221; h_padding=&#8221;2&#8243; top_padding=&#8221;3&#8243; bottom_padding=&#8221;5&#8243; back_color=&#8221;color-jevc&#8221; overlay_alpha=&#8221;50&#8243; gutter_size=&#8221;3&#8243; column_width_percent=&#8221;100&#8243; shift_y=&#8221;0&#8243; z_index=&#8221;0&#8243; changer_back_color=&#8221;yes&#8221; uncode_shortcode_id=&#8221;598656&#8243; back_color_type=&#8221;uncode-palette&#8221;][vc_column column_width_percent=&#8221;100&#8243; gutter_size=&#8221;3&#8243; style=&#8221;dark&#8221; overlay_alpha=&#8221;50&#8243; shift_x=&#8221;0&#8243; shift_y=&#8221;0&#8243; shift_y_down=&#8221;0&#8243; z_index=&#8221;0&#8243; medium_width=&#8221;0&#8243; mobile_width=&#8221;0&#8243; css_animation=&#8221;alpha-anim&#8221; width=&#8221;1\/1&#8243; uncode_shortcode_id=&#8221;208826&#8243;][vc_row_inner][vc_column_inner column_width_percent=&#8221;100&#8243; gutter_size=&#8221;3&#8243; style=&#8221;dark&#8221; overlay_alpha=&#8221;50&#8243; shift_x=&#8221;0&#8243; shift_y=&#8221;0&#8243; shift_y_down=&#8221;0&#8243; z_index=&#8221;0&#8243; medium_width=&#8221;0&#8243; mobile_width=&#8221;0&#8243; width=&#8221;1\/1&#8243; uncode_shortcode_id=&#8221;312065&#8243;][vc_custom_heading text_color=&#8221;color-xsdn&#8221; text_size=&#8221;h1&#8243; uncode_shortcode_id=&#8221;167003&#8243; text_color_type=&#8221;uncode-palette&#8221;]Escoltar, entendre, aconsellar i comunicar[\/vc_custom_heading][\/vc_column_inner][\/vc_row_inner][vc_empty_space empty_h=&#8221;1&#8243;][vc_row_inner][vc_column_inner width=&#8221;3\/12&#8243;][\/vc_column_inner][vc_column_inner column_width_percent=&#8221;100&#8243; gutter_size=&#8221;3&#8243; style=&#8221;dark&#8221; overlay_alpha=&#8221;50&#8243; shift_x=&#8221;0&#8243; shift_y=&#8221;0&#8243; shift_y_down=&#8221;0&#8243; z_index=&#8221;0&#8243; medium_width=&#8221;0&#8243; mobile_width=&#8221;0&#8243; width=&#8221;8\/12&#8243; uncode_shortcode_id=&#8221;125929&#8243;][vc_column_text text_color=&#8221;color-xsdn&#8221; uncode_shortcode_id=&#8221;835903&#8243; text_color_type=&#8221;uncode-palette&#8221;]Vosaltres sabeu qu\u00e8 voleu dir, per\u00f2 no com. Ens ho expliqueu i us escoltem. Us demanem que ens aclariu all\u00f2 que no entenem, encara que semblem tontos. Aix\u00ed, fins a tenir-ho tot ben clar.<\/p>\n<p>Busquem la millor manera d&#8217;explicar-ho als altres. De vegades hi arribem de forma gaireb\u00e9 instant\u00e0nia. D&#8217;altres, costa una mica m\u00e9s. Per\u00f2 hi arribem. I si ho hem fet b\u00e9, no fa falta conv\u00e8ncer-vos. Perqu\u00e8 us agrada.<\/p>\n<p>I ho portem a terme. Hi posem tot el nostre afecte. Perqu\u00e8 no es perverteixi la idea pel cam\u00ed. Perqu\u00e8 en quedeu satisfets. I per quedar nosaltres contents, \u00e9s clar.[\/vc_column_text][vc_empty_space empty_h=&#8221;1&#8243;][vc_button button_color=&#8221;color-xsdn&#8221; size=&#8221;btn-xl&#8221; radius=&#8221;btn-circle&#8221; outline=&#8221;yes&#8221; border_width=&#8221;0&#8243; link=&#8221;url:https%3A%2F%2Fwww.minsk.barcelona%2Fca%2Fnosaltres%2F|title:Projectes|&#8221; button_color_type=&#8221;uncode-palette&#8221; uncode_shortcode_id=&#8221;175369&#8243;]Vull saber-ne m\u00e9s[\/vc_button][\/vc_column_inner][vc_column_inner width=&#8221;1\/12&#8243;][\/vc_column_inner][\/vc_row_inner][\/vc_column][\/vc_row][vc_section back_color=&#8221;color-jevc&#8221; overlay_alpha=&#8221;50&#8243; content_parallax=&#8221;0&#8243; uncode_shortcode_id=&#8221;192097&#8243; back_color_type=&#8221;uncode-palette&#8221;][vc_row row_height_percent=&#8221;0&#8243; override_padding=&#8221;yes&#8221; h_padding=&#8221;2&#8243; top_padding=&#8221;4&#8243; bottom_padding=&#8221;4&#8243; back_color=&#8221;color-xsdn&#8221; overlay_alpha=&#8221;50&#8243; gutter_size=&#8221;3&#8243; column_width_percent=&#8221;100&#8243; shift_y=&#8221;0&#8243; z_index=&#8221;0&#8243; css_animation=&#8221;scroll-trigger&#8221; animation_state=&#8221;end&#8221; animation_origin=&#8221;bottom center&#8221; animation_scale_val=&#8221;90&#8243; animation_opacity=&#8221;100&#8243; animation_x=&#8221;0&#8243; animation_y=&#8221;0&#8243; animation_blur=&#8221;0&#8243; animation_rotate=&#8221;0&#8243; animation_perspective=&#8221;0&#8243; animation_offset_top=&#8221;0&#8243; animation_offset_bottom=&#8221;0&#8243; content_parallax=&#8221;0&#8243; uncode_shortcode_id=&#8221;123115&#8243; back_color_type=&#8221;uncode-palette&#8221; animation_radius=&#8221;36px&#8221;][vc_column column_width_percent=&#8221;100&#8243; align_horizontal=&#8221;align_center&#8221; gutter_size=&#8221;3&#8243; overlay_alpha=&#8221;50&#8243; shift_x=&#8221;0&#8243; shift_y=&#8221;0&#8243; shift_y_down=&#8221;0&#8243; z_index=&#8221;0&#8243; medium_width=&#8221;0&#8243; mobile_width=&#8221;0&#8243; width=&#8221;1\/1&#8243; uncode_shortcode_id=&#8221;372198&#8243;][vc_column_text uncode_shortcode_id=&#8221;113866&#8243;]Gr\u00e0cies a tots per la vostra confian\u00e7a[\/vc_column_text][vc_gallery el_id=&#8221;gallery-369124&#8243; type=&#8221;css_grid&#8221; medias=&#8221;2660&#8243; explode_albums=&#8221;yes&#8221; grid_items=&#8221;5&#8243; screen_lg_items=&#8221;4&#8243; screen_lg_breakpoint=&#8221;1399&#8243; screen_md_items=&#8221;3&#8243; screen_md_breakpoint=&#8221;820&#8243; screen_sm_items=&#8221;2&#8243; screen_sm_breakpoint=&#8221;480&#8243; gutter_size=&#8221;6&#8243; media_items=&#8221;media|nolink|original&#8221; single_overlay_opacity=&#8221;50&#8243; single_overlay_anim=&#8221;no&#8221; single_image_anim=&#8221;no&#8221; single_reduced=&#8221;limit-width&#8221; single_padding=&#8221;2&#8243; single_border=&#8221;yes&#8221; single_css_animation=&#8221;alpha-anim&#8221; uncode_shortcode_id=&#8221;274540&#8243; el_class=&#8221;clients-gallery&#8221;][\/vc_column][\/vc_row][\/vc_section]<\/p>\n<\/div>","protected":false},"excerpt":{"rendered":"<p>[vc_row][vc_column width=&#8221;1\/1&#8243;][uncode_block id=&#8221;6954&#8243;][\/vc_column][\/vc_row][vc_row row_height_percent=&#8221;0&#8243; override_padding=&#8221;yes&#8221; h_padding=&#8221;2&#8243; top_padding=&#8221;3&#8243; bottom_padding=&#8221;5&#8243; back_color=&#8221;color-jevc&#8221; overlay_alpha=&#8221;50&#8243; gutter_size=&#8221;3&#8243; column_width_percent=&#8221;100&#8243; shift_y=&#8221;0&#8243; z_index=&#8221;0&#8243; changer_back_color=&#8221;yes&#8221; uncode_shortcode_id=&#8221;598656&#8243; back_color_type=&#8221;uncode-palette&#8221;][vc_column column_width_percent=&#8221;100&#8243; gutter_size=&#8221;3&#8243; style=&#8221;dark&#8221; [&hellip;]<\/p>\n","protected":false},"author":1,"featured_media":0,"parent":0,"menu_order":0,"comment_status":"closed","ping_status":"closed","template":"","meta":{"footnotes":""},"class_list":["post-4648","page","type-page","status-publish","hentry"],"yoast_head":"<!-- This site is optimized with the Yoast SEO plugin v27.1.1 - https:\/\/yoast.com\/product\/yoast-seo-wordpress\/ -->\n<title>Estudi de disseny gr\u00e0fic, web i motion graphics a Barcelona<\/title>\n<meta name=\"description\" content=\"Estudi de disseny gr\u00e0fic, motion graphics i web a Barcelona des del 2002. Pensem, dissenyem, animem. I s\u00ed, tamb\u00e9 bevem vi amb vodka.\" \/>\n<meta name=\"robots\" content=\"index, follow, max-snippet:-1, max-image-preview:large, max-video-preview:-1\" \/>\n<link rel=\"canonical\" href=\"https:\/\/www.minsk.barcelona\/ca\/\" \/>\n<meta property=\"og:locale\" content=\"ca_ES\" \/>\n<meta property=\"og:type\" content=\"article\" \/>\n<meta property=\"og:title\" content=\"Estudi de disseny gr\u00e0fic, web i motion graphics a Barcelona\" \/>\n<meta property=\"og:description\" content=\"Estudi de disseny gr\u00e0fic, motion graphics i web a Barcelona des del 2002. Pensem, dissenyem, animem. I s\u00ed, tamb\u00e9 bevem vi amb vodka.\" \/>\n<meta property=\"og:url\" content=\"https:\/\/www.minsk.barcelona\/ca\/\" \/>\n<meta property=\"og:site_name\" content=\"Minsk.Barcelona\" \/>\n<meta property=\"article:modified_time\" content=\"2026-03-25T14:33:41+00:00\" \/>\n<meta name=\"twitter:card\" content=\"summary_large_image\" \/>\n<meta name=\"twitter:label1\" content=\"Temps estimat de lectura\" \/>\n\t<meta name=\"twitter:data1\" content=\"2 minuts\" \/>\n<script type=\"application\/ld+json\" class=\"yoast-schema-graph\">{\"@context\":\"https:\/\/schema.org\",\"@graph\":[{\"@type\":\"WebPage\",\"@id\":\"https:\/\/www.minsk.barcelona\/ca\/\",\"url\":\"https:\/\/www.minsk.barcelona\/ca\/\",\"name\":\"Estudi de disseny gr\u00e0fic, web i motion graphics a Barcelona\",\"isPartOf\":{\"@id\":\"https:\/\/www.minsk.barcelona\/#website\"},\"datePublished\":\"2020-05-08T11:39:54+00:00\",\"dateModified\":\"2026-03-25T14:33:41+00:00\",\"description\":\"Estudi de disseny gr\u00e0fic, motion graphics i web a Barcelona des del 2002. Pensem, dissenyem, animem. I s\u00ed, tamb\u00e9 bevem vi amb vodka.\",\"breadcrumb\":{\"@id\":\"https:\/\/www.minsk.barcelona\/ca\/#breadcrumb\"},\"inLanguage\":\"ca\",\"potentialAction\":[{\"@type\":\"ReadAction\",\"target\":[\"https:\/\/www.minsk.barcelona\/ca\/\"]}]},{\"@type\":\"BreadcrumbList\",\"@id\":\"https:\/\/www.minsk.barcelona\/ca\/#breadcrumb\",\"itemListElement\":[{\"@type\":\"ListItem\",\"position\":1,\"name\":\"Portada\",\"item\":\"https:\/\/www.minsk.barcelona\/ca\/\"},{\"@type\":\"ListItem\",\"position\":2,\"name\":\"Minsk.Barcelona. Disseny gr\u00e0fic, disseny web i motion graphics\"}]},{\"@type\":\"WebSite\",\"@id\":\"https:\/\/www.minsk.barcelona\/#website\",\"url\":\"https:\/\/www.minsk.barcelona\/\",\"name\":\"Minsk.Barcelona\",\"description\":\"Dise\u00f1o gr\u00e1fico, dise\u00f1o web y motion graphics\",\"publisher\":{\"@id\":\"https:\/\/www.minsk.barcelona\/#organization\"},\"potentialAction\":[{\"@type\":\"SearchAction\",\"target\":{\"@type\":\"EntryPoint\",\"urlTemplate\":\"https:\/\/www.minsk.barcelona\/?s={search_term_string}\"},\"query-input\":{\"@type\":\"PropertyValueSpecification\",\"valueRequired\":true,\"valueName\":\"search_term_string\"}}],\"inLanguage\":\"ca\"},{\"@type\":\"Organization\",\"@id\":\"https:\/\/www.minsk.barcelona\/#organization\",\"name\":\"Minsk.Barcelona\",\"url\":\"https:\/\/www.minsk.barcelona\/\",\"logo\":{\"@type\":\"ImageObject\",\"inLanguage\":\"ca\",\"@id\":\"https:\/\/www.minsk.barcelona\/#\/schema\/logo\/image\/\",\"url\":\"https:\/\/www.minsk.barcelona\/wp-content\/uploads\/2020\/07\/minsk-favicon.png\",\"contentUrl\":\"https:\/\/www.minsk.barcelona\/wp-content\/uploads\/2020\/07\/minsk-favicon.png\",\"width\":512,\"height\":512,\"caption\":\"Minsk.Barcelona\"},\"image\":{\"@id\":\"https:\/\/www.minsk.barcelona\/#\/schema\/logo\/image\/\"},\"sameAs\":[\"https:\/\/www.instagram.com\/minsk.barcelona\/\",\"https:\/\/www.behance.net\/MinskBarcelona\",\"https:\/\/vimeo.com\/minskbarcelona\",\"https:\/\/www.linkedin.com\/company\/minskbarcelona\/\"]}]}<\/script>\n<!-- \/ Yoast SEO plugin. -->","yoast_head_json":{"title":"Estudi de disseny gr\u00e0fic, web i motion graphics a Barcelona","description":"Estudi de disseny gr\u00e0fic, motion graphics i web a Barcelona des del 2002. Pensem, dissenyem, animem. I s\u00ed, tamb\u00e9 bevem vi amb vodka.","robots":{"index":"index","follow":"follow","max-snippet":"max-snippet:-1","max-image-preview":"max-image-preview:large","max-video-preview":"max-video-preview:-1"},"canonical":"https:\/\/www.minsk.barcelona\/ca\/","og_locale":"ca_ES","og_type":"article","og_title":"Estudi de disseny gr\u00e0fic, web i motion graphics a Barcelona","og_description":"Estudi de disseny gr\u00e0fic, motion graphics i web a Barcelona des del 2002. Pensem, dissenyem, animem. I s\u00ed, tamb\u00e9 bevem vi amb vodka.","og_url":"https:\/\/www.minsk.barcelona\/ca\/","og_site_name":"Minsk.Barcelona","article_modified_time":"2026-03-25T14:33:41+00:00","twitter_card":"summary_large_image","twitter_misc":{"Temps estimat de lectura":"2 minuts"},"schema":{"@context":"https:\/\/schema.org","@graph":[{"@type":"WebPage","@id":"https:\/\/www.minsk.barcelona\/ca\/","url":"https:\/\/www.minsk.barcelona\/ca\/","name":"Estudi de disseny gr\u00e0fic, web i motion graphics a Barcelona","isPartOf":{"@id":"https:\/\/www.minsk.barcelona\/#website"},"datePublished":"2020-05-08T11:39:54+00:00","dateModified":"2026-03-25T14:33:41+00:00","description":"Estudi de disseny gr\u00e0fic, motion graphics i web a Barcelona des del 2002. Pensem, dissenyem, animem. I s\u00ed, tamb\u00e9 bevem vi amb vodka.","breadcrumb":{"@id":"https:\/\/www.minsk.barcelona\/ca\/#breadcrumb"},"inLanguage":"ca","potentialAction":[{"@type":"ReadAction","target":["https:\/\/www.minsk.barcelona\/ca\/"]}]},{"@type":"BreadcrumbList","@id":"https:\/\/www.minsk.barcelona\/ca\/#breadcrumb","itemListElement":[{"@type":"ListItem","position":1,"name":"Portada","item":"https:\/\/www.minsk.barcelona\/ca\/"},{"@type":"ListItem","position":2,"name":"Minsk.Barcelona. Disseny gr\u00e0fic, disseny web i motion graphics"}]},{"@type":"WebSite","@id":"https:\/\/www.minsk.barcelona\/#website","url":"https:\/\/www.minsk.barcelona\/","name":"Minsk.Barcelona","description":"Dise\u00f1o gr\u00e1fico, dise\u00f1o web y motion graphics","publisher":{"@id":"https:\/\/www.minsk.barcelona\/#organization"},"potentialAction":[{"@type":"SearchAction","target":{"@type":"EntryPoint","urlTemplate":"https:\/\/www.minsk.barcelona\/?s={search_term_string}"},"query-input":{"@type":"PropertyValueSpecification","valueRequired":true,"valueName":"search_term_string"}}],"inLanguage":"ca"},{"@type":"Organization","@id":"https:\/\/www.minsk.barcelona\/#organization","name":"Minsk.Barcelona","url":"https:\/\/www.minsk.barcelona\/","logo":{"@type":"ImageObject","inLanguage":"ca","@id":"https:\/\/www.minsk.barcelona\/#\/schema\/logo\/image\/","url":"https:\/\/www.minsk.barcelona\/wp-content\/uploads\/2020\/07\/minsk-favicon.png","contentUrl":"https:\/\/www.minsk.barcelona\/wp-content\/uploads\/2020\/07\/minsk-favicon.png","width":512,"height":512,"caption":"Minsk.Barcelona"},"image":{"@id":"https:\/\/www.minsk.barcelona\/#\/schema\/logo\/image\/"},"sameAs":["https:\/\/www.instagram.com\/minsk.barcelona\/","https:\/\/www.behance.net\/MinskBarcelona","https:\/\/vimeo.com\/minskbarcelona","https:\/\/www.linkedin.com\/company\/minskbarcelona\/"]}]}},"_links":{"self":[{"href":"https:\/\/www.minsk.barcelona\/ca\/wp-json\/wp\/v2\/pages\/4648","targetHints":{"allow":["GET"]}}],"collection":[{"href":"https:\/\/www.minsk.barcelona\/ca\/wp-json\/wp\/v2\/pages"}],"about":[{"href":"https:\/\/www.minsk.barcelona\/ca\/wp-json\/wp\/v2\/types\/page"}],"author":[{"embeddable":true,"href":"https:\/\/www.minsk.barcelona\/ca\/wp-json\/wp\/v2\/users\/1"}],"replies":[{"embeddable":true,"href":"https:\/\/www.minsk.barcelona\/ca\/wp-json\/wp\/v2\/comments?post=4648"}],"version-history":[{"count":52,"href":"https:\/\/www.minsk.barcelona\/ca\/wp-json\/wp\/v2\/pages\/4648\/revisions"}],"predecessor-version":[{"id":10462,"href":"https:\/\/www.minsk.barcelona\/ca\/wp-json\/wp\/v2\/pages\/4648\/revisions\/10462"}],"wp:attachment":[{"href":"https:\/\/www.minsk.barcelona\/ca\/wp-json\/wp\/v2\/media?parent=4648"}],"curies":[{"name":"wp","href":"https:\/\/api.w.org\/{rel}","templated":true}]}}